{"id":4286,"date":"2024-04-16T18:36:27","date_gmt":"2024-04-16T16:36:27","guid":{"rendered":"https:\/\/kulttickets.de\/?page_id=4286"},"modified":"2024-04-24T13:43:13","modified_gmt":"2024-04-24T11:43:13","slug":"agb","status":"publish","type":"page","link":"https:\/\/kulttickets.de\/en\/agb\/","title":{"rendered":"AGB"},"content":{"rendered":"<div data-elementor-type=\"wp-page\" data-elementor-id=\"4286\" class=\"elementor elementor-4286\" data-elementor-post-type=\"page\">\n\t\t\t\t<div class=\"elementor-element elementor-element-67aa892 e-flex e-con-boxed e-con e-parent\" data-id=\"67aa892\" data-element_type=\"container\" data-e-type=\"container\">\n\t\t\t\t\t<div class=\"e-con-inner\">\n\t\t\t\t<div class=\"elementor-element elementor-element-d6437ec elementor-widget elementor-widget-spacer\" data-id=\"d6437ec\" data-element_type=\"widget\" data-e-type=\"widget\" data-settings=\"{&quot;ekit_we_effect_on&quot;:&quot;none&quot;}\" data-widget_type=\"spacer.default\">\n\t\t\t\t<div class=\"elementor-widget-container\">\n\t\t\t\t\t\t\t<div class=\"elementor-spacer\">\n\t\t\t<div class=\"elementor-spacer-inner\"><\/div>\n\t\t<\/div>\n\t\t\t\t\t\t<\/div>\n\t\t\t\t<\/div>\n\t\t\t\t<div class=\"elementor-element elementor-element-78df74e elementor-widget elementor-widget-elementskit-heading\" data-id=\"78df74e\" data-element_type=\"widget\" data-e-type=\"widget\" data-settings=\"{&quot;ekit_we_effect_on&quot;:&quot;none&quot;}\" data-widget_type=\"elementskit-heading.default\">\n\t\t\t\t<div class=\"elementor-widget-container\">\n\t\t\t\t\t<div class=\"ekit-wid-con\" ><div class=\"ekit-heading elementskit-section-title-wraper text_center   ekit_heading_tablet-   ekit_heading_mobile-\"><h3 class=\"elementskit-section-subtitle\">\n\t\t\t\t\t\tKultTickets\n\t\t\t\t\t<\/h3><h2 class=\"ekit-heading--title elementskit-section-title\">AGBs<\/h2><\/div><\/div>\t\t\t\t<\/div>\n\t\t\t\t<\/div>\n\t\t\t\t\t<\/div>\n\t\t\t\t<\/div>\n\t\t<div class=\"elementor-element elementor-element-c9f03f2 e-flex e-con-boxed e-con e-parent\" data-id=\"c9f03f2\" data-element_type=\"container\" data-e-type=\"container\">\n\t\t\t\t\t<div class=\"e-con-inner\">\n\t\t\t\t<div class=\"elementor-element elementor-element-198808f elementor-widget elementor-widget-spacer\" data-id=\"198808f\" data-element_type=\"widget\" data-e-type=\"widget\" data-settings=\"{&quot;ekit_we_effect_on&quot;:&quot;none&quot;}\" data-widget_type=\"spacer.default\">\n\t\t\t\t<div class=\"elementor-widget-container\">\n\t\t\t\t\t\t\t<div class=\"elementor-spacer\">\n\t\t\t<div class=\"elementor-spacer-inner\"><\/div>\n\t\t<\/div>\n\t\t\t\t\t\t<\/div>\n\t\t\t\t<\/div>\n\t\t\t\t<div class=\"elementor-element elementor-element-962028b elementor-widget elementor-widget-text-editor\" data-id=\"962028b\" data-element_type=\"widget\" data-e-type=\"widget\" data-settings=\"{&quot;ekit_we_effect_on&quot;:&quot;none&quot;}\" data-widget_type=\"text-editor.default\">\n\t\t\t\t<div class=\"elementor-widget-container\">\n\t\t\t\t\t\t\t\t\t<h2>Allgemeine Gesch\u00e4ftsbedingungen<\/h2><p>f\u00fcr den Online-Shop unter der URL:<\/p><p>www. kulttickets.de<\/p><p>betrieben von:<\/p><p>Khamosh &amp; Koo | Kunst &amp; Kultur<br \/>Masoud Khamoshkoo<br \/>Franzstrasse 74<br \/>52064 Aachen<\/p><p>E-Mail: info@kulttickets.de<br \/>Telefonnummer: +491795073300<\/p><p>&#8211; im Folgenden: Anbieter &#8211;<\/p><p>1. Geltungsbereich<\/p><p>Diese Allgemeinen Gesch\u00e4ftsbedingungen (AGB) gelten nach ihrer Einbeziehung f\u00fcr alle Vertragsschl\u00fcsse \u00fcber den Erwerb von Waren, Dienstleistungen oder sonstigen G\u00fctern (nachfolgend \u201eWaren\u201c) im Online-Shop unter der o.g. URL in ihrer zum Zeitpunkt des Vertragsschlusses g\u00fcltigen Fassung. Diese AGB gelten ausschlie\u00dflich. Abweichende AGB des Kunden werden nicht Vertragsbestandteil, es sei denn, der Anbieter stimmt diesen ausdr\u00fccklich zu.<\/p><p>2. Vertragsschluss<\/p><p>2.1 Die Angebote im Online-Shop stellen eine unverbindliche Aufforderung des Anbieters an die Online-Shop-Besucher zur Abgabe eines Angebots zum Erwerb der im Shop angebotenen Waren dar.<\/p><p>2.2 Die Bestellung der Ware(n) erfolgt \u00fcber das Online-Bestellformular des Anbieters. Nach der Auswahl der gew\u00fcnschten Ware(n), der Eingabe aller abgefragten Pflichtinformationen und dem Durchlaufen aller anderen verpflichtenden Schritte im Bestellprozess, k\u00f6nnen die ausgew\u00e4hlten Waren durch das Bet\u00e4tigen des Bestell-Buttons am Ende der Checkout-Seite bestellt werden (Bestellung). Durch die Bestellung gibt der Kunde ein verbindliches Vertragsangebot zum Erwerb der ausgew\u00e4hlten Ware(n) ab. Der Vertragsschluss erfolgt, indem der Anbieter das Angebot des Kunden annimmt. Die Annahme erfolgt, indem der Anbieter den Vertragsschluss in Schrift- oder Textform (z. B. per E-Mail) best\u00e4tigt (Auftragsbest\u00e4tigung) und diese Auftragsbest\u00e4tigung dem Kunden zugeht oder indem er die bestellte Ware liefert und diese Ware dem Kunden zugeht oder indem er den Kunden zur Zahlung auffordert (z. B. Rechnung oder Kreditkartenzahlung im Bestellprozess) und die Zahlungsaufforderung dem Kunden zugeht; ma\u00dfgeblich f\u00fcr den Zeitpunkt des Vertragsschlusses ist dabei der Zeitpunkt, in dem eine der im ersten Halbsatz genannten Alternativen erstmalig eintritt.<\/p><p>2.3 Vor verbindlicher Abgabe der Bestellung \u00fcber das Online-Bestellformular des Anbieters kann der Kunde seine Eingaben \u00fcberpr\u00fcfen und jederzeit \u00fcber die \u00fcblichen Tastatur-, Maus-, Touch- oder sonstigen zur Verf\u00fcgung stehenden Eingabefunktionen korrigieren. Dar\u00fcber hinaus werden alle Eingaben vor der verbindlichen Abgabe der Bestellung noch einmal in einem Best\u00e4tigungsfenster angezeigt und k\u00f6nnen auch dort mittels der \u00fcblichen Tastatur-, Maus-, Touch- oder sonstigen zur Verf\u00fcgung stehende Eingabefunktionen korrigiert werden.<\/p><p>2.4 Der Anbieter wird den Vertragstext nach dem Vertragsschluss speichern und dem Kunden in Textform (z. B. per E-Mail) \u00fcbermitteln. Eine dar\u00fcberhinausgehende Zug\u00e4nglichmachung des Vertragstexts durch den Anbieter erfolgt nicht. Sofern der Einkauf \u00fcber ein Kundenkonto im Online-Shop erfolgt ist, kann der Kunde seine Bestellungen und die damit verbundenen Bestelldaten dort einsehen.<\/p><p>2.5 F\u00fcr den Vertragsschluss stehen folgende Sprachen zur Verf\u00fcgung: Deutsch<\/p><p>3. Widerrufsrecht f\u00fcr Verbraucher<\/p><p>Verbrauchern steht bei au\u00dferhalb von Gesch\u00e4ftsr\u00e4umen geschlossenen Vertr\u00e4gen und bei Fernabsatzvertr\u00e4gen grunds\u00e4tzlich ein Widerrufsrecht zu. Verbraucher ist jede nat\u00fcrliche Person, die ein Rechtsgesch\u00e4ft zu Zwecken abschlie\u00dft, die \u00fcberwiegend weder ihrer gewerblichen noch ihrer selbstst\u00e4ndigen beruflichen T\u00e4tigkeit zugerechnet werden k\u00f6nnen. Details sind der Widerrufsbelehrung zu entnehmen, die jedem Verbraucher sp\u00e4testens unmittelbar vor Vertragsschluss zur Verf\u00fcgung gestellt wird.<\/p><p>4. Zahlung, Verzug<\/p><p>4.1 Es gelten die zum Zeitpunkt der Bestellung im Online-Shop aufgef\u00fchrten Preise. Alle Preise gelten inklusive der gesetzlichen Mehrwertsteuer sowie zuz\u00fcglich der gegebenenfalls aufgef\u00fchrten Versandkosten. \u00dcber die zur Verf\u00fcgung stehenden Zahlungsm\u00f6glichkeiten wird der Kunde im Online-Shop des Anbieters informiert.<\/p><p>4.2 Ist Zahlung per Kredit- oder Debitkarte vereinbart, wird der Kaufpreis sofort nach Vertragsschluss f\u00e4llig.<\/p><p>4.3 Ist die Zahlung via \u201ePayPal\u201c vereinbart, wird der Kaufpreis sofort nach Vertragsabschluss f\u00e4llig. Die Zahlungsabwicklung erfolgt \u00fcber den Zahlungsdienstleister PayPal (Europe) S.\u00e0 r.l. et Cie, S.C.A., 22-24 Boulevard Royal, L-2449 Luxembourg.<\/p><p>4.4 Ist Giropay vereinbart, wird der Kaufpreis sofort nach Vertragsabschluss f\u00e4llig. Die Zahlungsabwicklung erfolgt \u00fcber die paydirect GmbH, Stephanstr. 14-16, 60313 Frankfurt am Main.<\/p><p>5. Eigentumsvorbehalt<\/p><p>Die gekaufte Ware bleibt bis zur vollst\u00e4ndigen Bezahlung des Kaufpreises Eigentum des Anbieters.<\/p><p>6. Lieferung und Selbstbelieferungsvorbehalt<\/p><p>6.1 Vorbehaltlich abweichender Vereinbarungen erfolgt die Lieferung innerhalb der im Online-Shop angegebenen Lieferzeit an die vom Kunden angegebene Lieferadresse. Die geltenden Lieferzeiten sind dem Online-Shop zu entnehmen.<\/p><p>6.2 Eine Selbstabholung der erworbenen Waren ist ausgeschlossen.<\/p><p>6.3 Wenn der Anbieter die bestellte Ware nicht liefern kann, weil er ohne eigenes Verschulden selbst nicht beliefert wurde, obwohl er rechtzeitig mit einem zuverl\u00e4ssigen Lieferanten ein kongruentes Deckungsgesch\u00e4ft abgeschlossen hat, wird der Anbieter von seiner Leistungspflicht frei und kann vom Vertrag zur\u00fccktreten. Der Anbieter ist verpflichtet, den Kunden unverz\u00fcglich \u00fcber die Unm\u00f6glichkeit der Leistungserf\u00fcllung in Kenntnis zu setzen. Bereits erbrachte Gegenleistungen des Vertragspartners werden diesem unverz\u00fcglich erstattet. Zwingendes Verbraucherrecht bleibt vom vorliegenden Absatz unber\u00fchrt.<\/p><p>7. Gew\u00e4hrleistung<\/p><p>Es gelten die Vorschriften der gesetzlichen M\u00e4ngelhaftung.<\/p><p>8. Haftung<\/p><p>8.1 Der Anbieter haftet unbeschr\u00e4nkt:<\/p><p>f\u00fcr Sch\u00e4den aus der Verletzung des Lebens, des K\u00f6rpers oder der Gesundheit, die auf einer vors\u00e4tzlichen oder fahrl\u00e4ssigen Pflichtverletzung des Anbieters oder einer vors\u00e4tzlichen oder fahrl\u00e4ssigen Pflichtverletzung eines gesetzlichen Vertreters oder Erf\u00fcllungsgehilfen des Anbieters beruhen;<br \/>f\u00fcr Sch\u00e4den, die auf einer vors\u00e4tzlichen oder grob fahrl\u00e4ssigen Pflichtverletzung des Anbieters oder auf einer vors\u00e4tzlichen oder grob fahrl\u00e4ssigen Pflichtverletzung eines gesetzlichen Vertreters oder Erf\u00fcllungsgehilfen des Anbieters beruhen;<br \/>aufgrund eines Garantieversprechens, soweit diesbez\u00fcglich keine andere Regelung getroffen wurde;<br \/>aufgrund zwingender Haftung (z. B. nach dem Produkthaftungsgesetz)<br \/>8.2 Wenn der Anbieter fahrl\u00e4ssig eine wesentliche Vertragspflicht verletzt, ist dessen Haftung auf den vertragstypischen, vorhersehbaren Schaden beschr\u00e4nkt, sofern nicht gem\u00e4\u00df vorstehendem Absatz unbeschr\u00e4nkt gehaftet wird. Wesentliche Vertragspflichten sind Pflichten, die der Vertrag dem Anbieter nach seinem Inhalt zur Erreichung des Vertragszwecks auferlegt, deren Erf\u00fcllung die ordnungsgem\u00e4\u00dfe Durchf\u00fchrung des Vertrags \u00fcberhaupt erst erm\u00f6glicht und auf deren Einhaltung der Kunde regelm\u00e4\u00dfig vertrauen darf.<\/p><p>8.3 Im \u00dcbrigen ist eine Haftung des Anbieters sowie die Haftung seiner Erf\u00fcllungsgehilfen und gesetzlichen Vertreter ausgeschlossen.<\/p><p>9. Datenschutz<\/p><p>Der Anbieter behandelt die personenbezogenen Daten seiner Kunden vertraulich und im Einklang mit den gesetzlichen Datenschutzvorschriften. N\u00e4heres entnehmen Sie der Datenschutzerkl\u00e4rung des Anbieters.<\/p><p>10. Schlussbestimmungen<\/p><p>10.1 Anwendbar ist das Recht der Bundesrepublik Deutschland unter Ausschluss des UN-Kaufrechts, soweit diese Rechtswahl nicht dazu f\u00fchrt, dass ein Verbraucher mit gew\u00f6hnlichem Aufenthalt in der EU hierdurch zwingenden gesetzlichen Bestimmungen des Rechts seines Aufenthaltsstaates entzogen wird.<\/p><p>10.2 Ist der Kunde Kaufmann, juristische Person des \u00f6ffentlichen Rechts oder \u00f6ffentlich-rechtliches Sonderverm\u00f6gen, ist das Gericht am Sitz des Anbieters zust\u00e4ndig, sofern nicht f\u00fcr die Streitigkeit ein ausschlie\u00dflicher Gerichtsstand begr\u00fcndet ist. Dies gilt auch, wenn der Kunde keinen Wohnsitz innerhalb der Europ\u00e4ischen Union hat. Der Sitz unseres Unternehmens ist der \u00dcberschrift dieser AGB zu entnehmen.<\/p><p>10.3 Soweit eine Bestimmung dieses Vertrages ung\u00fcltig oder undurchsetzbar ist oder wird, bleiben die \u00fcbrigen Bestimmungen dieses Vertrages hiervon unber\u00fchrt.<\/p><p>11. Informationen zur Online-Streitbeilegung \/ Verbraucherschlichtung<\/p><p>Die EU-Kommission stellt im Internet unter folgendem Link eine Plattform zur Online-Streitbeilegung bereit: https:\/\/ec.europa.eu\/consumers\/odr.<\/p><p>Der Anbieter ist nicht bereit oder verpflichtet, an Streitbeilegungsverfahren vor einer Verbraucherschlichtungsstelle teilzunehmen.<\/p><p>Unsere E-Mail-Adresse entnehmen Sie der \u00dcberschrift dieser AGB.<\/p>\t\t\t\t\t\t\t\t<\/div>\n\t\t\t\t<\/div>\n\t\t\t\t<div class=\"elementor-element elementor-element-7ee2045 elementor-widget elementor-widget-spacer\" data-id=\"7ee2045\" data-element_type=\"widget\" data-e-type=\"widget\" data-settings=\"{&quot;ekit_we_effect_on&quot;:&quot;none&quot;}\" data-widget_type=\"spacer.default\">\n\t\t\t\t<div class=\"elementor-widget-container\">\n\t\t\t\t\t\t\t<div class=\"elementor-spacer\">\n\t\t\t<div class=\"elementor-spacer-inner\"><\/div>\n\t\t<\/div>\n\t\t\t\t\t\t<\/div>\n\t\t\t\t<\/div>\n\t\t\t\t\t<\/div>\n\t\t\t\t<\/div>\n\t\t\t\t<\/div>","protected":false},"excerpt":{"rendered":"<p>KultTickets AGBs Allgemeine Gesch\u00e4ftsbedingungen f\u00fcr den Online-Shop unter der URL: www. kulttickets.de betrieben von: Khamosh &amp; Koo | Kunst &amp; KulturMasoud KhamoshkooFranzstrasse 7452064 Aachen E-Mail: info@kulttickets.deTelefonnummer: +491795073300 &#8211; im Folgenden: Anbieter &#8211; 1. Geltungsbereich Diese Allgemeinen Gesch\u00e4ftsbedingungen (AGB) gelten nach ihrer Einbeziehung f\u00fcr alle Vertragsschl\u00fcsse \u00fcber den Erwerb von Waren, Dienstleistungen oder sonstigen G\u00fctern (nachfolgend [&hellip;]<\/p>\n","protected":false},"author":1,"featured_media":0,"parent":0,"menu_order":0,"comment_status":"closed","ping_status":"closed","template":"elementor_header_footer","meta":{"_acf_changed":false,"footnotes":""},"class_list":["post-4286","page","type-page","status-publish","hentry"],"acf":[],"jetpack_sharing_enabled":true,"_links":{"self":[{"href":"https:\/\/kulttickets.de\/en\/wp-json\/wp\/v2\/pages\/4286"}],"collection":[{"href":"https:\/\/kulttickets.de\/en\/wp-json\/wp\/v2\/pages"}],"about":[{"href":"https:\/\/kulttickets.de\/en\/wp-json\/wp\/v2\/types\/page"}],"author":[{"embeddable":true,"href":"https:\/\/kulttickets.de\/en\/wp-json\/wp\/v2\/users\/1"}],"replies":[{"embeddable":true,"href":"https:\/\/kulttickets.de\/en\/wp-json\/wp\/v2\/comments?post=4286"}],"version-history":[{"count":10,"href":"https:\/\/kulttickets.de\/en\/wp-json\/wp\/v2\/pages\/4286\/revisions"}],"predecessor-version":[{"id":4568,"href":"https:\/\/kulttickets.de\/en\/wp-json\/wp\/v2\/pages\/4286\/revisions\/4568"}],"wp:attachment":[{"href":"https:\/\/kulttickets.de\/en\/wp-json\/wp\/v2\/media?parent=4286"}],"curies":[{"name":"wp","href":"https:\/\/api.w.org\/{rel}","templated":true}]}}